{"id":7664,"date":"2025-09-04T21:33:21","date_gmt":"2025-09-04T19:33:21","guid":{"rendered":"https:\/\/dardarcom.com\/our-rooms\/"},"modified":"2025-12-12T03:02:22","modified_gmt":"2025-12-12T02:02:22","slug":"our-rooms","status":"publish","type":"page","link":"https:\/\/dardarcom.com\/fr\/our-rooms\/","title":{"rendered":"Chambres"},"content":{"rendered":"\t\t<div data-elementor-type=\"wp-post\" data-elementor-id=\"7664\" class=\"elementor elementor-7664\" data-elementor-post-type=\"page\">\n\t\t\t\t\t\t<section class=\"elementor-section elementor-top-section elementor-element elementor-element-77ab81e elementor-section-height-min-height elementor-section-boxed elementor-section-height-default elementor-section-items-middle\" data-id=\"77ab81e\" data-element_type=\"section\" data-settings=\"{&quot;background_background&quot;:&quot;classic&quot;}\">\n\t\t\t\t\t\t\t<div class=\"elementor-background-overlay\"><\/div>\n\t\t\t\t\t\t\t<div class=\"elementor-container elementor-column-gap-default\">\n\t\t\t\t\t<div class=\"elementor-column elementor-col-100 elementor-top-column elementor-element elementor-element-e001978\" data-id=\"e001978\" data-element_type=\"column\">\n\t\t\t<div class=\"elementor-widget-wrap elementor-element-populated\">\n\t\t\t\t\t\t<div class=\"elementor-element elementor-element-90aed16 elementor-widget elementor-widget-heading\" data-id=\"90aed16\" data-element_type=\"widget\" data-widget_type=\"heading.default\">\n\t\t\t\t\t<h2 class=\"elementor-heading-title elementor-size-default\">Vivez l\u2019authenticit\u00e9, dormez dans l\u2019\u00e9l\u00e9gance<\/h2>\t\t\t\t<\/div>\n\t\t\t\t\t<\/div>\n\t\t<\/div>\n\t\t\t\t\t<\/div>\n\t\t<\/section>\n\t\t\t\t<section class=\"elementor-section elementor-top-section elementor-element elementor-element-4ba76ef elementor-section-boxed elementor-section-height-default elementor-section-height-default\" data-id=\"4ba76ef\" data-element_type=\"section\">\n\t\t\t\t\t\t<div class=\"elementor-container elementor-column-gap-default\">\n\t\t\t\t\t<div class=\"elementor-column elementor-col-100 elementor-top-column elementor-element elementor-element-2a1de87\" data-id=\"2a1de87\" data-element_type=\"column\">\n\t\t\t<div class=\"elementor-widget-wrap elementor-element-populated\">\n\t\t\t\t\t\t<div class=\"elementor-element elementor-element-eb8b051 elementor-widget elementor-widget-ova_heading\" data-id=\"eb8b051\" data-element_type=\"widget\" data-widget_type=\"ova_heading.default\">\n\t\t\t\t<div class=\"elementor-widget-container\">\n\t\t\t\t\t\t\t\n\t\t<div class=\"ova_heading version_2 \">\n\t\t\t<div class=\"icon_top\"><i class=\"fa fa-home\"><\/i><\/div>\n\t\t\t<div class=\"sub_title second_font\"><\/div>\n\t\t\t<div class=\"title second_font\">\n\t\t\t\t<span class=\"line_left\"><\/span>\n\t\t\t\t<div class=\"text_title\">Nos chambres<\/div>\n\t\t\t\t<span class=\"line_right\"><\/span>\n\t\t\t<\/div>\n\t\t\t<div class=\"line_bottom\"><\/div>\n\t\t\t<div class=\"description second_font\"><\/div>\n\t\t\t\t\t\t\t<img decoding=\"async\" class=\"images\" src=\"https:\/\/dardarcom.com\/wp-content\/plugins\/ova-framework\/\/assets\/img\/line_heading.png\" alt=\"\" \/>\n\t\t\t\t\t\t<div class=\"icon_bottom\"><i class=\"\"><\/i><\/div>\n\t\t<\/div>\n\n\t\t\t\t\t\t<\/div>\n\t\t\t\t<\/div>\n\t\t\t\t<div class=\"elementor-element elementor-element-13f1c3a elementor-widget elementor-widget-text-editor\" data-id=\"13f1c3a\" data-element_type=\"widget\" data-widget_type=\"text-editor.default\">\n\t\t\t\t\t\t\t\t\t<p>Nos chambres spacieuses sont id\u00e9ales pour des escapades entre amis, en famille ou en couple. Soigneusement am\u00e9nag\u00e9es et enti\u00e8rement \u00e9quip\u00e9es, elles offrent une atmosph\u00e8re chaleureuse et reposante pour un s\u00e9jour des plus confortables.<\/p>\t\t\t\t\t\t\t\t<\/div>\n\t\t\t\t<div class=\"elementor-element elementor-element-1e9e5dc elementor-invisible elementor-widget elementor-widget-ova_room_slider\" data-id=\"1e9e5dc\" data-element_type=\"widget\" data-settings=\"{&quot;_animation&quot;:&quot;fadeInUp&quot;}\" data-widget_type=\"ova_room_slider.default\">\n\t\t\t\t<div class=\"elementor-widget-container\">\n\t\t\t\t\t\t\t\n        <div class=\"woocommerce hozing_wrap_product\">\n        \t<div class=\"container\">\n\n\t\t\t\t\n\t          \t<div class=\"hozing_product_slider style1\">\n\t          \t\t\t          \t\t\n\t        \t\t<div class=\"owl-carousel owl-theme\" data-options=\"{&quot;total_columns_slide&quot;:3,&quot;items_ipad&quot;:3,&quot;items_mobile&quot;:1,&quot;smartSpeed&quot;:500,&quot;margin&quot;:30,&quot;loop&quot;:true,&quot;autoplay&quot;:true,&quot;autoplayTimeout&quot;:5000,&quot;autoplayHoverPause&quot;:true,&quot;dots&quot;:true,&quot;nav&quot;:true,&quot;slideBy&quot;:1,&quot;prev&quot;:&quot;&lt;i class=\\&quot;arrow_carrot-left\\&quot;&gt;&lt;\\\/i&gt;&quot;,&quot;next&quot;:&quot;&lt;i class=\\&quot;arrow_carrot-right\\&quot;&gt;&lt;\\\/i&gt;&quot;}\">\n\t\t\t\t\t\t\t\t            \t\t\t\t\t\t\t\t<div class=\"rental_item item colums_no_sidebar_2v1 item-0\"> \t\t\t\t\t\t\t    \n\t\t\t\t\t\t\t    \t\t\t\t\t\t\t    <div class=\"border-box\">\n\t\t\t\t\t\t\t    \t\t\t\t\t\t\t        <div class=\"wrap_img \">\n\t\t\t\t\t\t\t            <div class=\"images_thumb\">\n\n\t\t\t\t\t\t\t            \t\t\t\t\t\t\t\t               \t\t<img decoding=\"async\" src=\"https:\/\/dardarcom.com\/wp-content\/uploads\/2018\/11\/chambre-double-5-1024x683.jpg\" alt=\"Chambre double\" srcset=\"https:\/\/dardarcom.com\/wp-content\/uploads\/2018\/11\/chambre-double-5-600x400.jpg 600w\" sizes=\"(max-width: 600px) 100vw, 600px\" >\n\t\t\t\t\t           \t\t \t\t\n\t\t\t\t\t\t\t                \n\t\t\t\t\t\t\t\t\t\t\t\n\t\t\t\t\t\t\t            <\/div>\n\t\t\t\t\t\t\t            \t\t\t\t\t\t\t            \t\t\t\t\t\t\t             \n\t\t\t\t\t\t\t\t            <div class=\"price_night\">               \n\t\t\t\t\t\t\t\t                <span class=\"wrap_content\">\n\t\t\t\t\t\t\t\t                \t\t\t\t\t\t\t\t\t\t                    <span class=\"time-night\">De:<\/span>\n\t\t\t\t\t\t\t\t\t                    <span class=\"woocommerce-Price-amount amount\"><span class=\"woocommerce-Price-currencySymbol\">&euro;<\/span>&nbsp;115,00<\/span>\t\t\t\t\t\t\t\t\t                    <span class=\"time-night\">\/ Nuit<\/span>\n\t\t\t\t\t\t\t\t                \t\t\t\t\t\t\t\t\t                \t\t\t\t\t\t\t\t\t                <\/span>              \n\t\t\t\t\t\t\t\t            <\/div>\n\t\t\t\t\t\t\t\t        \t\t\t\t\t\t\t            \t\t\t\t\t\t\t            \n\t\t\t\t\t\t\t        <\/div> <!-- End wrap_img -->\n\n\t\t\t\t\t\t\t        <div class=\"content \">\n\t\t\t\t\t\t\t\t\t\t\t\t\t\t\t\t\t            <h3 class=\"second_font\"><a href=\"https:\/\/dardarcom.com\/fr\/produit\/double-bed-room\/\">Chambre double<\/a><\/h3>\n\t\t\t\t\t\t\t            \t\t\t\t\t\t\t            \t\t\t\t\t\t\t            \t\t\t\t\t\t\t            \t\t\t\t\t\t\t            <ul class=\"specical-infor\">\n\t\t\t\t\t\t\t                \t\t\t\t\t\t\t                    <li class=\"d-inline-flex\"><span>\n\t\t\t\t\t\t\t                        22m2<\/span><\/li>\t\t\t\t\t\t\t                \t\t\t\t\t\t\t                \t\t\t\t\t\t\t                                               \n\t\t\t\t\t\t\t\t                            <li class=\"d-inline-flex\">\n\t\t\t\t\t\t\t\t                                <span class=\"label\">Vue sur piscine<\/span>\n\t\t\t\t\t\t\t\t                            <\/li>\n\t\t\t\t\t\t\t\t                            \t\t\t\t\t\t\t            <\/ul>\n\t\t\t\t\t\t\t        \t\t\t\t\t\t\t\t\t\t\t\t\t\t\t\t\t\t            \t<p>D\u00e9couvrez l\u2019alliance parfaite entre confort moderne et charme marocain authentique dans cette chambre double magnifiquement am\u00e9nag\u00e9e.<\/p>\n\t\t\t\t\t\t\t        \t\t\t\t\t\t\t\t            \t\t\t\t\t\t\t\t            \t\t\t\t\t\t\t\t            <div class=\"discorver\">\n\t\t\t\t\t\t\t\t                <a href=\"https:\/\/dardarcom.com\/fr\/produit\/double-bed-room\/ \" class=\"discover-now\">\n\t\t\t\t\t\t\t\t                    <span class=\"text\">D\u00e9couvrez D\u00e8s Maintenant<\/span>\n\t\t\t\t\t\t\t\t                <\/a>\n\t\t\t\t\t\t\t\t            <\/div>\n\t\t\t\t\t\t\t\t            \t\t\t\t\t\t\t\t\t\t\t\t\t\t\t\t\t\t\t\t\t\t\t\t\t\t\t            \t\t\t\t\t\t\t            <div class=\"features\">\n\t\t\t\t\t\t\t                <div class=\"container-fluid\">\n\t\t\t\t\t\t\t                    <div class=\"row\">\n\n\t\t\t\t\t\t\t                        \t\t\t\t\t\t\t                                    <div class=\"feature-item odd \">\n\t\t\t\t\t\t\t                                        <i class=\"fas fa-coffee\"> <\/i>\n\t\t\t\t\t\t\t                                        <span class=\"label-tooltip\">Caf\u00e9<\/span>\n\t\t\t\t\t\t\t                                    <\/div>\n\t\t\t\t\t\t\t                                    \t\t\t\t\t\t\t                                    <div class=\"feature-item eve \">\n\t\t\t\t\t\t\t                                        <i class=\"fas fa-wifi\"> <\/i>\n\t\t\t\t\t\t\t                                        <span class=\"label-tooltip\">Wifi<\/span>\n\t\t\t\t\t\t\t                                    <\/div>\n\t\t\t\t\t\t\t                                    \t\t\t\t\t\t\t                                    <div class=\"feature-item odd \">\n\t\t\t\t\t\t\t                                        <i class=\"fas fa-utensils\"> <\/i>\n\t\t\t\t\t\t\t                                        <span class=\"label-tooltip\">Restauration rapide<\/span>\n\t\t\t\t\t\t\t                                    <\/div>\n\t\t\t\t\t\t\t                                    \t\t\t\t\t\t\t                    \n\t\t\t\t\t\t\t                    <\/div>\n\t\t\t\t\t\t\t                <\/div>\n\t\t\t\t\t\t\t            <\/div>\n\t\t\t\t\t\t\t            \t\t\t\t\t\t\t            \t\t\t\t\t\t\t              \n\n\t\t\t\t\t\t\t        <\/div> <!-- End content -->\n\t\t\t\t\t\t\t    <\/div> <!-- border-box -->\t\t\t\t\t\t\t    \n\t\t\t\t\t\t\t\n\t\t\t\t\t\t\t                        \t\t<\/div>\n                        \t\t\t\t\t\t\t\t\t            \t\t\t\t\t\t\t\t<div class=\"rental_item item colums_no_sidebar_2v1 item-1\"> \t\t\t\t\t\t\t    \n\t\t\t\t\t\t\t    \t\t\t\t\t\t\t    <div class=\"border-box\">\n\t\t\t\t\t\t\t    \t\t\t\t\t\t\t        <div class=\"wrap_img \">\n\t\t\t\t\t\t\t            <div class=\"images_thumb\">\n\n\t\t\t\t\t\t\t            \t\t\t\t\t\t\t\t               \t\t<img decoding=\"async\" src=\"https:\/\/dardarcom.com\/wp-content\/uploads\/2018\/11\/chambre-triple-9-1024x683.jpg\" alt=\"Chambre triple\" srcset=\"https:\/\/dardarcom.com\/wp-content\/uploads\/2018\/11\/chambre-triple-9-600x400.jpg 600w\" sizes=\"(max-width: 600px) 100vw, 600px\" >\n\t\t\t\t\t           \t\t \t\t\n\t\t\t\t\t\t\t                \n\t\t\t\t\t\t\t\t\t\t\t\n\t\t\t\t\t\t\t            <\/div>\n\t\t\t\t\t\t\t            \t\t\t\t\t\t\t            \t\t\t\t\t\t\t             \n\t\t\t\t\t\t\t\t            <div class=\"price_night\">               \n\t\t\t\t\t\t\t\t                <span class=\"wrap_content\">\n\t\t\t\t\t\t\t\t                \t\t\t\t\t\t\t\t\t\t                    <span class=\"time-night\">De:<\/span>\n\t\t\t\t\t\t\t\t\t                    <span class=\"woocommerce-Price-amount amount\"><span class=\"woocommerce-Price-currencySymbol\">&euro;<\/span>&nbsp;153,00<\/span>\t\t\t\t\t\t\t\t\t                    <span class=\"time-night\">\/ Nuit<\/span>\n\t\t\t\t\t\t\t\t                \t\t\t\t\t\t\t\t\t                \t\t\t\t\t\t\t\t\t                <\/span>              \n\t\t\t\t\t\t\t\t            <\/div>\n\t\t\t\t\t\t\t\t        \t\t\t\t\t\t\t            \t\t\t\t\t\t\t            \n\t\t\t\t\t\t\t        <\/div> <!-- End wrap_img -->\n\n\t\t\t\t\t\t\t        <div class=\"content \">\n\t\t\t\t\t\t\t\t\t\t\t\t\t\t\t\t\t            <h3 class=\"second_font\"><a href=\"https:\/\/dardarcom.com\/fr\/produit\/triple-room\/\">Chambre triple<\/a><\/h3>\n\t\t\t\t\t\t\t            \t\t\t\t\t\t\t            \t\t\t\t\t\t\t            \t\t\t\t\t\t\t            \t\t\t\t\t\t\t            <ul class=\"specical-infor\">\n\t\t\t\t\t\t\t                \t\t\t\t\t\t\t                    <li class=\"d-inline-flex\"><span>\n\t\t\t\t\t\t\t                        26m2<\/span><\/li>\t\t\t\t\t\t\t                \t\t\t\t\t\t\t                \t\t\t\t\t\t\t                                               \n\t\t\t\t\t\t\t\t                            <li class=\"d-inline-flex\">\n\t\t\t\t\t\t\t\t                                <span class=\"label\">Vue sur la piscine<\/span>\n\t\t\t\t\t\t\t\t                            <\/li>\n\t\t\t\t\t\t\t\t                            \t\t\t\t\t\t\t            <\/ul>\n\t\t\t\t\t\t\t        \t\t\t\t\t\t\t\t\t\t\t\t\t\t\t\t\t\t            \t<p>Cette chambre triple magnifiquement con\u00e7ue vous plonge dans une atmosph\u00e8re sereine et vibrante, id\u00e9ale pour les petites familles ou les<\/p>\n\t\t\t\t\t\t\t        \t\t\t\t\t\t\t\t            \t\t\t\t\t\t\t\t            \t\t\t\t\t\t\t\t            <div class=\"discorver\">\n\t\t\t\t\t\t\t\t                <a href=\"https:\/\/dardarcom.com\/fr\/produit\/triple-room\/ \" class=\"discover-now\">\n\t\t\t\t\t\t\t\t                    <span class=\"text\">D\u00e9couvrez D\u00e8s Maintenant<\/span>\n\t\t\t\t\t\t\t\t                <\/a>\n\t\t\t\t\t\t\t\t            <\/div>\n\t\t\t\t\t\t\t\t            \t\t\t\t\t\t\t\t\t\t\t\t\t\t\t\t\t\t\t\t\t\t\t\t\t\t\t            \t\t\t\t\t\t\t            <div class=\"features\">\n\t\t\t\t\t\t\t                <div class=\"container-fluid\">\n\t\t\t\t\t\t\t                    <div class=\"row\">\n\n\t\t\t\t\t\t\t                        \t\t\t\t\t\t\t                                    <div class=\"feature-item odd \">\n\t\t\t\t\t\t\t                                        <i class=\"fas fa-coffee\"> <\/i>\n\t\t\t\t\t\t\t                                        <span class=\"label-tooltip\">Caf\u00e9<\/span>\n\t\t\t\t\t\t\t                                    <\/div>\n\t\t\t\t\t\t\t                                    \t\t\t\t\t\t\t                                    <div class=\"feature-item eve \">\n\t\t\t\t\t\t\t                                        <i class=\"fas fa-wifi\"> <\/i>\n\t\t\t\t\t\t\t                                        <span class=\"label-tooltip\">Wifi<\/span>\n\t\t\t\t\t\t\t                                    <\/div>\n\t\t\t\t\t\t\t                                    \t\t\t\t\t\t\t                    \n\t\t\t\t\t\t\t                    <\/div>\n\t\t\t\t\t\t\t                <\/div>\n\t\t\t\t\t\t\t            <\/div>\n\t\t\t\t\t\t\t            \t\t\t\t\t\t\t            \t\t\t\t\t\t\t              \n\n\t\t\t\t\t\t\t        <\/div> <!-- End content -->\n\t\t\t\t\t\t\t    <\/div> <!-- border-box -->\t\t\t\t\t\t\t    \n\t\t\t\t\t\t\t\n\t\t\t\t\t\t\t                        \t\t<\/div>\n                        \t\t\t\t\t\t\t\t\t            \t\t\t\t\t\t\t\t<div class=\"rental_item item colums_no_sidebar_2v1 item-2\"> \t\t\t\t\t\t\t    \n\t\t\t\t\t\t\t    \t\t\t\t\t\t\t    <div class=\"border-box\">\n\t\t\t\t\t\t\t    \t\t\t\t\t\t\t        <div class=\"wrap_img \">\n\t\t\t\t\t\t\t            <div class=\"images_thumb\">\n\n\t\t\t\t\t\t\t            \t\t\t\t\t\t\t\t               \t\t<img decoding=\"async\" src=\"https:\/\/dardarcom.com\/wp-content\/uploads\/2018\/11\/chambre-triple-3-1-1024x683.jpg\" alt=\"Chambre quadruple\" srcset=\"https:\/\/dardarcom.com\/wp-content\/uploads\/2018\/11\/chambre-triple-3-1-600x400.jpg 600w\" sizes=\"(max-width: 600px) 100vw, 600px\" >\n\t\t\t\t\t           \t\t \t\t\n\t\t\t\t\t\t\t                \n\t\t\t\t\t\t\t\t\t\t\t\n\t\t\t\t\t\t\t            <\/div>\n\t\t\t\t\t\t\t            \t\t\t\t\t\t\t            \t\t\t\t\t\t\t             \n\t\t\t\t\t\t\t\t            <div class=\"price_night\">               \n\t\t\t\t\t\t\t\t                <span class=\"wrap_content\">\n\t\t\t\t\t\t\t\t                \t\t\t\t\t\t\t\t\t\t                    <span class=\"time-night\">De:<\/span>\n\t\t\t\t\t\t\t\t\t                    <span class=\"woocommerce-Price-amount amount\"><span class=\"woocommerce-Price-currencySymbol\">&euro;<\/span>&nbsp;170,00<\/span>\t\t\t\t\t\t\t\t\t                    <span class=\"time-night\">\/ Nuit<\/span>\n\t\t\t\t\t\t\t\t                \t\t\t\t\t\t\t\t\t                \t\t\t\t\t\t\t\t\t                <\/span>              \n\t\t\t\t\t\t\t\t            <\/div>\n\t\t\t\t\t\t\t\t        \t\t\t\t\t\t\t            \t\t\t\t\t\t\t            \n\t\t\t\t\t\t\t        <\/div> <!-- End wrap_img -->\n\n\t\t\t\t\t\t\t        <div class=\"content \">\n\t\t\t\t\t\t\t\t\t\t\t\t\t\t\t\t\t            <h3 class=\"second_font\"><a href=\"https:\/\/dardarcom.com\/fr\/produit\/quadruple-bed-room\/\">Chambre quadruple<\/a><\/h3>\n\t\t\t\t\t\t\t            \t\t\t\t\t\t\t            \t\t\t\t\t\t\t            \t\t\t\t\t\t\t            \t\t\t\t\t\t\t            <ul class=\"specical-infor\">\n\t\t\t\t\t\t\t                \t\t\t\t\t\t\t                    <li class=\"d-inline-flex\"><span>\n\t\t\t\t\t\t\t                        28m2<\/span><\/li>\t\t\t\t\t\t\t                \t\t\t\t\t\t\t                \t\t\t\t\t\t\t                                               \n\t\t\t\t\t\t\t\t                            <li class=\"d-inline-flex\">\n\t\t\t\t\t\t\t\t                                <span class=\"label\">Vue piscine<\/span>\n\t\t\t\t\t\t\t\t                            <\/li>\n\t\t\t\t\t\t\t\t                            \t\t\t\t\t\t\t            <\/ul>\n\t\t\t\t\t\t\t        \t\t\t\t\t\t\t\t\t\t\t\t\t\t\t\t\t\t            \t<p>D\u00e9couvrez une chambre quadruple magnifiquement am\u00e9nag\u00e9e, alliant design marocain authentique et \u00e9quipements modernes.<\/p>\n\t\t\t\t\t\t\t        \t\t\t\t\t\t\t\t            \t\t\t\t\t\t\t\t            \t\t\t\t\t\t\t\t            <div class=\"discorver\">\n\t\t\t\t\t\t\t\t                <a href=\"https:\/\/dardarcom.com\/fr\/produit\/quadruple-bed-room\/ \" class=\"discover-now\">\n\t\t\t\t\t\t\t\t                    <span class=\"text\">D\u00e9couvrez D\u00e8s Maintenant<\/span>\n\t\t\t\t\t\t\t\t                <\/a>\n\t\t\t\t\t\t\t\t            <\/div>\n\t\t\t\t\t\t\t\t            \t\t\t\t\t\t\t\t\t\t\t\t\t\t\t\t\t\t\t\t\t\t\t\t\t\t\t            \t\t\t\t\t\t\t            <div class=\"features\">\n\t\t\t\t\t\t\t                <div class=\"container-fluid\">\n\t\t\t\t\t\t\t                    <div class=\"row\">\n\n\t\t\t\t\t\t\t                        \t\t\t\t\t\t\t                                    <div class=\"feature-item odd \">\n\t\t\t\t\t\t\t                                        <i class=\"fas fa-coffee\"> <\/i>\n\t\t\t\t\t\t\t                                        <span class=\"label-tooltip\">Caf\u00e9<\/span>\n\t\t\t\t\t\t\t                                    <\/div>\n\t\t\t\t\t\t\t                                    \t\t\t\t\t\t\t                                    <div class=\"feature-item eve \">\n\t\t\t\t\t\t\t                                        <i class=\"fas fa-wifi\"> <\/i>\n\t\t\t\t\t\t\t                                        <span class=\"label-tooltip\">Wifi<\/span>\n\t\t\t\t\t\t\t                                    <\/div>\n\t\t\t\t\t\t\t                                    \t\t\t\t\t\t\t                    \n\t\t\t\t\t\t\t                    <\/div>\n\t\t\t\t\t\t\t                <\/div>\n\t\t\t\t\t\t\t            <\/div>\n\t\t\t\t\t\t\t            \t\t\t\t\t\t\t            \t\t\t\t\t\t\t              \n\n\t\t\t\t\t\t\t        <\/div> <!-- End content -->\n\t\t\t\t\t\t\t    <\/div> <!-- border-box -->\t\t\t\t\t\t\t    \n\t\t\t\t\t\t\t\n\t\t\t\t\t\t\t                        \t\t<\/div>\n                        \t\t\t\t\t\t\t\n\t            \t<\/div> <!-- End owl-carousel -->\n\t            <\/div> <!-- hozing_product_slider -->\n         \t<\/div>                \t                               \t                            \t                          \t              \t        \n\t    <\/div> <!-- hozing_product_slider -->\n\n\t\t\t\t\t<\/div>\n\t\t\t\t<\/div>\n\t\t\t\t\t<\/div>\n\t\t<\/div>\n\t\t\t\t\t<\/div>\n\t\t<\/section>\n\t\t<div class=\"elementor-element elementor-element-6961a31 e-flex e-con-boxed e-con e-parent\" data-id=\"6961a31\" data-element_type=\"container\">\n\t\t\t\t\t<div class=\"e-con-inner\">\n\t\t\t\t\t<\/div>\n\t\t\t\t<\/div>\n\t\t\t\t<\/div>\n\t\t","protected":false},"excerpt":{"rendered":"<p>Vivez l\u2019authenticit\u00e9, dormez dans l\u2019\u00e9l\u00e9gance Nos chambres Nos chambres spacieuses sont id\u00e9ales pour des escapades entre amis, en famille ou en couple. Soigneusement am\u00e9nag\u00e9es et enti\u00e8rement \u00e9quip\u00e9es, elles offrent une atmosph\u00e8re chaleureuse et reposante pour un s\u00e9jour des plus confortables. From: &#036;115.00 \/ Night Double Room 22m2 Pool View Experience the perfect blend of modern [&hellip;]<\/p>\n","protected":false},"author":1,"featured_media":0,"parent":0,"menu_order":0,"comment_status":"closed","ping_status":"closed","template":"elementor_header_footer","meta":{"footnotes":""},"class_list":["post-7664","page","type-page","status-publish","hentry"],"_links":{"self":[{"href":"https:\/\/dardarcom.com\/fr\/wp-json\/wp\/v2\/pages\/7664","targetHints":{"allow":["GET"]}}],"collection":[{"href":"https:\/\/dardarcom.com\/fr\/wp-json\/wp\/v2\/pages"}],"about":[{"href":"https:\/\/dardarcom.com\/fr\/wp-json\/wp\/v2\/types\/page"}],"author":[{"embeddable":true,"href":"https:\/\/dardarcom.com\/fr\/wp-json\/wp\/v2\/users\/1"}],"replies":[{"embeddable":true,"href":"https:\/\/dardarcom.com\/fr\/wp-json\/wp\/v2\/comments?post=7664"}],"version-history":[{"count":17,"href":"https:\/\/dardarcom.com\/fr\/wp-json\/wp\/v2\/pages\/7664\/revisions"}],"predecessor-version":[{"id":8045,"href":"https:\/\/dardarcom.com\/fr\/wp-json\/wp\/v2\/pages\/7664\/revisions\/8045"}],"wp:attachment":[{"href":"https:\/\/dardarcom.com\/fr\/wp-json\/wp\/v2\/media?parent=7664"}],"curies":[{"name":"wp","href":"https:\/\/api.w.org\/{rel}","templated":true}]}}