{"id":7701,"date":"2025-09-17T12:23:20","date_gmt":"2025-09-17T10:23:20","guid":{"rendered":"https:\/\/dardarcom.com\/restaurant\/"},"modified":"2025-12-12T02:59:15","modified_gmt":"2025-12-12T01:59:15","slug":"restaurant","status":"publish","type":"page","link":"https:\/\/dardarcom.com\/fr\/restaurant\/","title":{"rendered":"Restaurant"},"content":{"rendered":"\t\t<div data-elementor-type=\"wp-post\" data-elementor-id=\"7701\" class=\"elementor elementor-7701\" data-elementor-post-type=\"page\">\n\t\t\t\t\t\t<section class=\"elementor-section elementor-top-section elementor-element elementor-element-93c3361 elementor-section-full_width elementor-section-height-default elementor-section-height-default\" data-id=\"93c3361\" data-element_type=\"section\" data-settings=\"{&quot;background_background&quot;:&quot;classic&quot;}\">\n\t\t\t\t\t\t<div class=\"elementor-container elementor-column-gap-no\">\n\t\t\t\t\t<div class=\"elementor-column elementor-col-100 elementor-top-column elementor-element elementor-element-c1fe985\" data-id=\"c1fe985\" data-element_type=\"column\">\n\t\t\t<div class=\"elementor-widget-wrap elementor-element-populated\">\n\t\t\t\t\t\t<div class=\"elementor-element elementor-element-7c1294d elementor--h-position-center elementor--v-position-middle elementor-arrows-position-inside elementor-pagination-position-inside elementor-widget elementor-widget-slides\" data-id=\"7c1294d\" data-element_type=\"widget\" data-settings=\"{&quot;navigation&quot;:&quot;both&quot;,&quot;autoplay&quot;:&quot;yes&quot;,&quot;pause_on_hover&quot;:&quot;yes&quot;,&quot;pause_on_interaction&quot;:&quot;yes&quot;,&quot;autoplay_speed&quot;:5000,&quot;infinite&quot;:&quot;yes&quot;,&quot;transition&quot;:&quot;slide&quot;,&quot;transition_speed&quot;:500}\" data-widget_type=\"slides.default\">\n\t\t\t\t\t\t\t\t\t\t<div class=\"elementor-slides-wrapper elementor-main-swiper swiper\" role=\"region\" aria-roledescription=\"carousel\" aria-label=\"Slides\" dir=\"ltr\" data-animation=\"fadeInUp\">\n\t\t\t\t<div class=\"swiper-wrapper elementor-slides\">\n\t\t\t\t\t\t\t\t\t\t<div class=\"elementor-repeater-item-b9ea350 swiper-slide\" role=\"group\" aria-roledescription=\"slide\"><div class=\"swiper-slide-bg elementor-ken-burns elementor-ken-burns--in\" role=\"img\"><\/div><div class=\"elementor-background-overlay\"><\/div><div class=\"swiper-slide-inner\" ><div class=\"swiper-slide-contents\"><div class=\"elementor-slide-heading\">ROOFTOP Restaurant<\/div><div class=\"elementor-slide-description\">Pour toutes vos envies...<\/div><\/div><\/div><\/div>\t\t\t\t<\/div>\n\t\t\t\t\t\t\t<\/div>\n\t\t\t\t\t\t\t\t<\/div>\n\t\t\t\t\t<\/div>\n\t\t<\/div>\n\t\t\t\t\t<\/div>\n\t\t<\/section>\n\t\t\t\t<section class=\"elementor-section elementor-top-section elementor-element elementor-element-dd05b37 elementor-section-boxed elementor-section-height-default elementor-section-height-default\" data-id=\"dd05b37\" data-element_type=\"section\" data-settings=\"{&quot;background_background&quot;:&quot;classic&quot;}\">\n\t\t\t\t\t\t<div class=\"elementor-container elementor-column-gap-no\">\n\t\t\t\t\t<div class=\"elementor-column elementor-col-50 elementor-top-column elementor-element elementor-element-c592922\" data-id=\"c592922\" data-element_type=\"column\">\n\t\t\t<div class=\"elementor-widget-wrap elementor-element-populated\">\n\t\t\t\t\t\t<div class=\"elementor-element elementor-element-5fbbba9 elementor-widget elementor-widget-image\" data-id=\"5fbbba9\" data-element_type=\"widget\" data-widget_type=\"image.default\">\n\t\t\t\t\t\t\t\t\t\t\t\t\t\t\t<img fetchpriority=\"high\" decoding=\"async\" width=\"683\" height=\"1024\" src=\"https:\/\/dardarcom.com\/wp-content\/uploads\/2025\/09\/breakfast-dardarcom-683x1024.jpg\" class=\"attachment-large size-large wp-image-7330\" alt=\"\" srcset=\"https:\/\/dardarcom.com\/wp-content\/uploads\/2025\/09\/breakfast-dardarcom-683x1024.jpg 683w, https:\/\/dardarcom.com\/wp-content\/uploads\/2025\/09\/breakfast-dardarcom-200x300.jpg 200w, https:\/\/dardarcom.com\/wp-content\/uploads\/2025\/09\/breakfast-dardarcom-768x1151.jpg 768w, https:\/\/dardarcom.com\/wp-content\/uploads\/2025\/09\/breakfast-dardarcom-600x899.jpg 600w, https:\/\/dardarcom.com\/wp-content\/uploads\/2025\/09\/breakfast-dardarcom.jpg 961w\" sizes=\"(max-width: 683px) 100vw, 683px\" \/>\t\t\t\t\t\t\t\t\t\t\t\t\t\t\t<\/div>\n\t\t\t\t\t<\/div>\n\t\t<\/div>\n\t\t\t\t<div class=\"elementor-column elementor-col-50 elementor-top-column elementor-element elementor-element-14a2d61\" data-id=\"14a2d61\" data-element_type=\"column\">\n\t\t\t<div class=\"elementor-widget-wrap elementor-element-populated\">\n\t\t\t\t\t\t<div class=\"elementor-element elementor-element-7f19111 elementor-widget elementor-widget-ova_heading\" data-id=\"7f19111\" data-element_type=\"widget\" data-widget_type=\"ova_heading.default\">\n\t\t\t\t<div class=\"elementor-widget-container\">\n\t\t\t\t\t\t\t\n\t\t<div class=\"ova_heading version_1 \">\n\t\t\t<div class=\"icon_top\"><i class=\"fa fa-home\"><\/i><\/div>\n\t\t\t<div class=\"sub_title second_font\">Notre table d\u2019h\u00f4tes<\/div>\n\t\t\t<div class=\"title second_font\">\n\t\t\t\t<span class=\"line_left\"><\/span>\n\t\t\t\t<div class=\"text_title\">O\u00f9 la saveur vous enivre<\/div>\n\t\t\t\t<span class=\"line_right\"><\/span>\n\t\t\t<\/div>\n\t\t\t<div class=\"line_bottom\"><\/div>\n\t\t\t<div class=\"description second_font\">DISCOVER NEWS UPDATE<\/div>\n\t\t\t\t\t\t\t<img decoding=\"async\" class=\"images\" src=\"https:\/\/dardarcom.com\/wp-content\/plugins\/ova-framework\/\/assets\/img\/line_heading.png\" alt=\"\" \/>\n\t\t\t\t\t\t<div class=\"icon_bottom\"><i class=\"\"><\/i><\/div>\n\t\t<\/div>\n\n\t\t\t\t\t\t<\/div>\n\t\t\t\t<\/div>\n\t\t\t\t<div class=\"elementor-element elementor-element-b2d9809 elementor-widget elementor-widget-text-editor\" data-id=\"b2d9809\" data-element_type=\"widget\" data-widget_type=\"text-editor.default\">\n\t\t\t\t\t\t\t\t\t<strong>Laissez le Chef Othman vous emmener dans un voyage culinaire qui \u00e9merveille les sens et \u00e9veille le palais.<\/strong>\n<br><br>\nSa cuisine, \u00e0 la fois authentique et inventive, est \u00e9labor\u00e9e avec des ingr\u00e9dients de premi\u00e8re qualit\u00e9 afin de sublimer les saveurs riches de la tradition marocaine \u2014 tout en y apportant une touche cr\u00e9ative qui ne cesse de surprendre.\n<br>\nLe d\u00e9jeuner et le d\u00eener comprennent une entr\u00e9e, un plat principal et un dessert. Sur demande, nous serons ravis de r\u00e9pondre \u00e0 vos besoins alimentaires sp\u00e9cifiques (v\u00e9g\u00e9tarien, v\u00e9gan, sans gluten, etc.).\n<br>\nIl vous suffit de nous pr\u00e9venir la veille si vous souhaitez d\u00eener au riad \u2014 et de pr\u00e9ciser les repas que vous d\u00e9sirez savourer.\nVous \u00eates libre de choisir le cadre de votre repas : dans le patio serein, sur la terrasse panoramique ou dans l\u2019une de nos salles \u00e0 manger chaleureuses \u2014 selon la m\u00e9t\u00e9o et votre humeur.\t\t\t\t\t\t\t\t<\/div>\n\t\t\t\t\t<\/div>\n\t\t<\/div>\n\t\t\t\t\t<\/div>\n\t\t<\/section>\n\t\t\t\t<section class=\"elementor-section elementor-top-section elementor-element elementor-element-5b4f582 elementor-section-boxed elementor-section-height-default elementor-section-height-default\" data-id=\"5b4f582\" data-element_type=\"section\" data-settings=\"{&quot;background_background&quot;:&quot;classic&quot;}\">\n\t\t\t\t\t\t<div class=\"elementor-container elementor-column-gap-no\">\n\t\t\t\t\t<div class=\"elementor-column elementor-col-100 elementor-top-column elementor-element elementor-element-a33ad8f\" data-id=\"a33ad8f\" data-element_type=\"column\">\n\t\t\t<div class=\"elementor-widget-wrap elementor-element-populated\">\n\t\t\t\t\t\t<div class=\"elementor-element elementor-element-548e214 elementor-widget elementor-widget-ova_heading\" data-id=\"548e214\" data-element_type=\"widget\" data-widget_type=\"ova_heading.default\">\n\t\t\t\t<div class=\"elementor-widget-container\">\n\t\t\t\t\t\t\t\n\t\t<div class=\"ova_heading version_1 \">\n\t\t\t<div class=\"icon_top\"><i class=\"fa fa-home\"><\/i><\/div>\n\t\t\t<div class=\"sub_title second_font\">Menu<\/div>\n\t\t\t<div class=\"title second_font\">\n\t\t\t\t<span class=\"line_left\"><\/span>\n\t\t\t\t<div class=\"text_title\">Nous parlons le langage de la bonne cuisine<\/div>\n\t\t\t\t<span class=\"line_right\"><\/span>\n\t\t\t<\/div>\n\t\t\t<div class=\"line_bottom\"><\/div>\n\t\t\t<div class=\"description second_font\"><\/div>\n\t\t\t\t\t\t\t<img decoding=\"async\" class=\"images\" src=\"https:\/\/dardarcom.com\/wp-content\/plugins\/ova-framework\/\/assets\/img\/line_heading.png\" alt=\"\" \/>\n\t\t\t\t\t\t<div class=\"icon_bottom\"><i class=\"\"><\/i><\/div>\n\t\t<\/div>\n\n\t\t\t\t\t\t<\/div>\n\t\t\t\t<\/div>\n\t\t\t\t<div class=\"elementor-element elementor-element-5643483 elementor-widget elementor-widget-text-editor\" data-id=\"5643483\" data-element_type=\"widget\" data-widget_type=\"text-editor.default\">\n\t\t\t\t\t\t\t\t\t<h3><strong>Menu D\u00e9gustation Dardarcom<\/strong><\/h3>\n<em>Une exp\u00e9rience culinaire immersive \u00e9labor\u00e9e par notre chef.<\/em>\n\n<strong>500 MAD par personne<\/strong> <em>Entr\u00e9e + Plat Principal + Dessert<\/em>\n<br><br>\n\n<strong>450 MAD par personne<\/strong> <em>Entr\u00e9e + Plat Principal<\/em> <em>ou<\/em> <em>Plat Principal + Dessert<\/em>\n\n<br><br>\n\n<strong>400 MAD par personne<\/strong> <em>Plat Principal uniquement<\/em>\t\t\t\t\t\t\t\t<\/div>\n\t\t\t\t\t<\/div>\n\t\t<\/div>\n\t\t\t\t\t<\/div>\n\t\t<\/section>\n\t\t\t\t<section class=\"elementor-section elementor-top-section elementor-element elementor-element-2e0801f elementor-section-full_width elementor-section-height-full elementor-section-height-default elementor-section-items-middle\" data-id=\"2e0801f\" data-element_type=\"section\" data-settings=\"{&quot;background_background&quot;:&quot;classic&quot;}\">\n\t\t\t\t\t\t\t<div class=\"elementor-background-overlay\"><\/div>\n\t\t\t\t\t\t\t<div class=\"elementor-container elementor-column-gap-default\">\n\t\t\t\t\t<div class=\"elementor-column elementor-col-100 elementor-top-column elementor-element elementor-element-9b61f16\" data-id=\"9b61f16\" data-element_type=\"column\">\n\t\t\t<div class=\"elementor-widget-wrap elementor-element-populated\">\n\t\t\t\t\t\t<div class=\"elementor-element elementor-element-3e34d96 ova-un-text-tranform elementor-widget elementor-widget-ova_heading\" data-id=\"3e34d96\" data-element_type=\"widget\" data-widget_type=\"ova_heading.default\">\n\t\t\t\t<div class=\"elementor-widget-container\">\n\t\t\t\t\t\t\t\n\t\t<div class=\"ova_heading version_4 \">\n\t\t\t<div class=\"icon_top\"><i class=\"\"><\/i><\/div>\n\t\t\t<div class=\"sub_title second_font\">Dardarcom<\/div>\n\t\t\t<div class=\"title second_font\">\n\t\t\t\t<span class=\"line_left\"><\/span>\n\t\t\t\t<div class=\"text_title\">\u00c0 nos tables, le go\u00fbt de l\u2019inattendu se cultive.<\/div>\n\t\t\t\t<span class=\"line_right\"><\/span>\n\t\t\t<\/div>\n\t\t\t<div class=\"line_bottom\"><\/div>\n\t\t\t<div class=\"description second_font\"><\/div>\n\t\t\t\t\t\t\t<img decoding=\"async\" class=\"images\" src=\"https:\/\/new.dardarcom.com\/wp-content\/uploads\/2018\/11\/logo-400HW.png\" alt=\"\" \/>\n\t\t\t\t\t\t<div class=\"icon_bottom\"><i class=\"\"><\/i><\/div>\n\t\t<\/div>\n\n\t\t\t\t\t\t<\/div>\n\t\t\t\t<\/div>\n\t\t\t\t\t<\/div>\n\t\t<\/div>\n\t\t\t\t\t<\/div>\n\t\t<\/section>\n\t\t\t\t<section class=\"elementor-section elementor-top-section elementor-element elementor-element-0c246b9 elementor-section-boxed elementor-section-height-default elementor-section-height-default\" data-id=\"0c246b9\" data-element_type=\"section\" data-settings=\"{&quot;background_background&quot;:&quot;classic&quot;}\">\n\t\t\t\t\t\t<div class=\"elementor-container elementor-column-gap-no\">\n\t\t\t\t\t<div class=\"elementor-column elementor-col-100 elementor-top-column elementor-element elementor-element-9d49fb6\" data-id=\"9d49fb6\" data-element_type=\"column\">\n\t\t\t<div class=\"elementor-widget-wrap elementor-element-populated\">\n\t\t\t\t\t\t<div class=\"elementor-element elementor-element-0152b4e elementor-widget elementor-widget-text-editor\" data-id=\"0152b4e\" data-element_type=\"widget\" data-widget_type=\"text-editor.default\">\n\t\t\t\t\t\t\t\t\t<h3><strong>Amuse-Bouches (Bouch\u00e9es du Chef)<\/strong><\/h3>\nPortefeuille de radis noir avec crevettes marin\u00e9es <em>(ou poulet grill\u00e9)<\/em>, s\u00e9same et menthe fra\u00eeche\n\nL\u00e9gumes de saison croquants\n\n\u0152ufs de caille \u00ab neige blanche \u00bb avec tomate cerise, mayonnaise au curry et tapenade verte\n\nAssortiment de Briouates <em>(fruits de mer, poulet, b\u0153uf, fromage et l\u00e9gumes)<\/em>\n\n&nbsp;\n<h3><strong>Entr\u00e9es<\/strong><\/h3>\n\u00c9ventail de salade marocaine\n\nPastilla au poulet et aux amandes, d\u00e9licatement saupoudr\u00e9e de cannelle et de sucre glace, servie avec une salade de l\u00e9gumes de saison\n\nVelout\u00e9 cr\u00e9meux de mini-potiron \u00e0 l\u2019ail, huile d\u2019olive et cro\u00fbtons croustillants\n\n&nbsp;\n\n&nbsp;\n<h3><strong>Plats Principaux<\/strong><\/h3>\nCouscous v\u00e9g\u00e9tarien aux carottes, navets, courgettes, aubergines, chou, pois chiches, potiron, oignons et raisins caram\u00e9lis\u00e9s\n<br>\nCouscous au poulet avec oignons caram\u00e9lis\u00e9s et raisins\n<br>\nTajine de poulet au citron confit et olives\n<br>\nTajine de poisson <em>(poisson du jour)<\/em>\n<br>\nTajine d\u2019agneau ou de b\u0153uf avec caviar d\u2019aubergines et poires caram\u00e9lis\u00e9es\n<br>\nTajine de poulet style Mderbel aux tomates confites\n<br>\nPommes de terre brais\u00e9es au safran avec carottes, aubergines et poivrons lentement cuits, finition avec un filet d\u2019huile d\u2019argan\n<br>\nTangia traditionnelle au poulet, lentement cuite et servie avec semoule\t\t\t\t\t\t\t\t<\/div>\n\t\t\t\t\t<\/div>\n\t\t<\/div>\n\t\t\t\t\t<\/div>\n\t\t<\/section>\n\t\t\t\t<\/div>\n\t\t","protected":false},"excerpt":{"rendered":"<p>ROOFTOP RestaurantPour toutes vos envies&#8230; Notre table d\u2019h\u00f4tes O\u00f9 la saveur vous enivre DISCOVER NEWS UPDATE Laissez le Chef Othman vous emmener dans un voyage culinaire qui \u00e9merveille les sens et \u00e9veille le palais. Sa cuisine, \u00e0 la fois authentique et inventive, est \u00e9labor\u00e9e avec des ingr\u00e9dients de premi\u00e8re qualit\u00e9 afin de sublimer les saveurs [&hellip;]<\/p>\n","protected":false},"author":1,"featured_media":0,"parent":0,"menu_order":0,"comment_status":"closed","ping_status":"closed","template":"elementor_header_footer","meta":{"footnotes":""},"class_list":["post-7701","page","type-page","status-publish","hentry"],"_links":{"self":[{"href":"https:\/\/dardarcom.com\/fr\/wp-json\/wp\/v2\/pages\/7701","targetHints":{"allow":["GET"]}}],"collection":[{"href":"https:\/\/dardarcom.com\/fr\/wp-json\/wp\/v2\/pages"}],"about":[{"href":"https:\/\/dardarcom.com\/fr\/wp-json\/wp\/v2\/types\/page"}],"author":[{"embeddable":true,"href":"https:\/\/dardarcom.com\/fr\/wp-json\/wp\/v2\/users\/1"}],"replies":[{"embeddable":true,"href":"https:\/\/dardarcom.com\/fr\/wp-json\/wp\/v2\/comments?post=7701"}],"version-history":[{"count":55,"href":"https:\/\/dardarcom.com\/fr\/wp-json\/wp\/v2\/pages\/7701\/revisions"}],"predecessor-version":[{"id":8030,"href":"https:\/\/dardarcom.com\/fr\/wp-json\/wp\/v2\/pages\/7701\/revisions\/8030"}],"wp:attachment":[{"href":"https:\/\/dardarcom.com\/fr\/wp-json\/wp\/v2\/media?parent=7701"}],"curies":[{"name":"wp","href":"https:\/\/api.w.org\/{rel}","templated":true}]}}