{"id":7768,"date":"2018-11-23T06:45:51","date_gmt":"2018-11-23T05:45:51","guid":{"rendered":"https:\/\/dardarcom.com\/produit\/triple-room\/"},"modified":"2025-09-24T17:08:34","modified_gmt":"2025-09-24T15:08:34","slug":"triple-room","status":"publish","type":"product","link":"https:\/\/dardarcom.com\/fr\/produit\/triple-room\/","title":{"rendered":"Chambre triple"},"content":{"rendered":"<p>Cette chambre triple magnifiquement con\u00e7ue vous plonge dans une atmosph\u00e8re sereine et vibrante, id\u00e9ale pour les petites familles ou les amis voyageant ensemble. Chaque d\u00e9tail met en valeur le savoir-faire traditionnel marocain, revisit\u00e9 avec une touche de modernit\u00e9.<\/p>\n","protected":false},"excerpt":{"rendered":"<p>Cette chambre triple magnifiquement con\u00e7ue vous plonge dans une atmosph\u00e8re sereine et vibrante, id\u00e9ale pour les petites familles ou les amis voyageant ensemble.<\/p>\n","protected":false},"featured_media":7563,"comment_status":"closed","ping_status":"closed","template":"","meta":[],"product_brand":[],"product_cat":[86],"product_tag":[],"class_list":{"0":"post-7768","1":"product","2":"type-product","3":"status-publish","4":"has-post-thumbnail","6":"product_cat-luxury-room-fr","8":"first","9":"instock","10":"shipping-taxable","11":"purchasable","12":"product-type-ovacrs_car_rental"},"_links":{"self":[{"href":"https:\/\/dardarcom.com\/fr\/wp-json\/wp\/v2\/product\/7768","targetHints":{"allow":["GET"]}}],"collection":[{"href":"https:\/\/dardarcom.com\/fr\/wp-json\/wp\/v2\/product"}],"about":[{"href":"https:\/\/dardarcom.com\/fr\/wp-json\/wp\/v2\/types\/product"}],"replies":[{"embeddable":true,"href":"https:\/\/dardarcom.com\/fr\/wp-json\/wp\/v2\/comments?post=7768"}],"version-history":[{"count":6,"href":"https:\/\/dardarcom.com\/fr\/wp-json\/wp\/v2\/product\/7768\/revisions"}],"predecessor-version":[{"id":7820,"href":"https:\/\/dardarcom.com\/fr\/wp-json\/wp\/v2\/product\/7768\/revisions\/7820"}],"wp:featuredmedia":[{"embeddable":true,"href":"https:\/\/dardarcom.com\/fr\/wp-json\/wp\/v2\/media\/7563"}],"wp:attachment":[{"href":"https:\/\/dardarcom.com\/fr\/wp-json\/wp\/v2\/media?parent=7768"}],"wp:term":[{"taxonomy":"product_brand","embeddable":true,"href":"https:\/\/dardarcom.com\/fr\/wp-json\/wp\/v2\/product_brand?post=7768"},{"taxonomy":"product_cat","embeddable":true,"href":"https:\/\/dardarcom.com\/fr\/wp-json\/wp\/v2\/product_cat?post=7768"},{"taxonomy":"product_tag","embeddable":true,"href":"https:\/\/dardarcom.com\/fr\/wp-json\/wp\/v2\/product_tag?post=7768"}],"curies":[{"name":"wp","href":"https:\/\/api.w.org\/{rel}","templated":true}]}}