{"id":7769,"date":"2018-11-23T04:53:36","date_gmt":"2018-11-23T03:53:36","guid":{"rendered":"https:\/\/dardarcom.com\/produit\/quadruple-bed-room\/"},"modified":"2025-09-24T17:03:16","modified_gmt":"2025-09-24T15:03:16","slug":"quadruple-bed-room","status":"publish","type":"product","link":"https:\/\/dardarcom.com\/fr\/produit\/quadruple-bed-room\/","title":{"rendered":"Chambre quadruple"},"content":{"rendered":"<div class=\"elementor-element elementor-element-5c5b7eff elementor-widget elementor-widget-heading\" data-id=\"5c5b7eff\" data-element_type=\"widget\" data-settings=\"{&quot;hoteller_ext_link_sidemenu&quot;:&quot;false&quot;,&quot;hoteller_ext_link_fullmenu&quot;:&quot;false&quot;,&quot;hoteller_ext_link_closed_fullmenu&quot;:&quot;false&quot;,&quot;hoteller_ext_is_scrollme&quot;:&quot;false&quot;,&quot;hoteller_ext_is_smoove&quot;:&quot;false&quot;,&quot;hoteller_ext_is_parallax_mouse&quot;:&quot;false&quot;,&quot;hoteller_ext_is_infinite&quot;:&quot;false&quot;,&quot;hoteller_ext_is_fadeout_animation&quot;:&quot;false&quot;,&quot;hoteller_ext_mobile_static&quot;:&quot;false&quot;}\" data-widget_type=\"heading.default\">\n<div class=\"elementor-widget-container\">\n<h2 class=\"elementor-heading-title elementor-size-default\">Chambre quadruple marocaine authentique<\/h2>\n<\/div>\n<\/div>\n<div class=\"elementor-element elementor-element-45e2dee0 elementor-widget elementor-widget-text-editor\" data-id=\"45e2dee0\" data-element_type=\"widget\" data-settings=\"{&quot;hoteller_ext_link_sidemenu&quot;:&quot;false&quot;,&quot;hoteller_ext_link_fullmenu&quot;:&quot;false&quot;,&quot;hoteller_ext_link_closed_fullmenu&quot;:&quot;false&quot;,&quot;hoteller_ext_is_scrollme&quot;:&quot;false&quot;,&quot;hoteller_ext_is_smoove&quot;:&quot;false&quot;,&quot;hoteller_ext_is_parallax_mouse&quot;:&quot;false&quot;,&quot;hoteller_ext_is_infinite&quot;:&quot;false&quot;,&quot;hoteller_ext_is_fadeout_animation&quot;:&quot;false&quot;,&quot;hoteller_ext_mobile_static&quot;:&quot;false&quot;}\" data-widget_type=\"text-editor.default\">\n<div class=\"elementor-widget-container\">P\u00e9n\u00e9trez dans une chambre quadruple magnifiquement am\u00e9nag\u00e9e qui allie design marocain authentique et \u00e9quipements modernes. D\u2019une superficie de 28 m\u00b2, cette chambre offre une atmosph\u00e8re chaleureuse et accueillante, id\u00e9ale pour les familles ou les groupes d\u2019amis.<\/div>\n<\/div>\n","protected":false},"excerpt":{"rendered":"<p>D\u00e9couvrez une chambre quadruple magnifiquement am\u00e9nag\u00e9e, alliant design marocain authentique et \u00e9quipements modernes.<\/p>\n","protected":false},"featured_media":7567,"comment_status":"closed","ping_status":"closed","template":"","meta":[],"product_brand":[],"product_cat":[86],"product_tag":[],"class_list":{"0":"post-7769","1":"product","2":"type-product","3":"status-publish","4":"has-post-thumbnail","6":"product_cat-luxury-room-fr","8":"first","9":"instock","10":"shipping-taxable","11":"purchasable","12":"product-type-ovacrs_car_rental"},"_links":{"self":[{"href":"https:\/\/dardarcom.com\/fr\/wp-json\/wp\/v2\/product\/7769","targetHints":{"allow":["GET"]}}],"collection":[{"href":"https:\/\/dardarcom.com\/fr\/wp-json\/wp\/v2\/product"}],"about":[{"href":"https:\/\/dardarcom.com\/fr\/wp-json\/wp\/v2\/types\/product"}],"replies":[{"embeddable":true,"href":"https:\/\/dardarcom.com\/fr\/wp-json\/wp\/v2\/comments?post=7769"}],"version-history":[{"count":3,"href":"https:\/\/dardarcom.com\/fr\/wp-json\/wp\/v2\/product\/7769\/revisions"}],"predecessor-version":[{"id":7817,"href":"https:\/\/dardarcom.com\/fr\/wp-json\/wp\/v2\/product\/7769\/revisions\/7817"}],"wp:featuredmedia":[{"embeddable":true,"href":"https:\/\/dardarcom.com\/fr\/wp-json\/wp\/v2\/media\/7567"}],"wp:attachment":[{"href":"https:\/\/dardarcom.com\/fr\/wp-json\/wp\/v2\/media?parent=7769"}],"wp:term":[{"taxonomy":"product_brand","embeddable":true,"href":"https:\/\/dardarcom.com\/fr\/wp-json\/wp\/v2\/product_brand?post=7769"},{"taxonomy":"product_cat","embeddable":true,"href":"https:\/\/dardarcom.com\/fr\/wp-json\/wp\/v2\/product_cat?post=7769"},{"taxonomy":"product_tag","embeddable":true,"href":"https:\/\/dardarcom.com\/fr\/wp-json\/wp\/v2\/product_tag?post=7769"}],"curies":[{"name":"wp","href":"https:\/\/api.w.org\/{rel}","templated":true}]}}